{"id":414,"date":"2025-01-27T12:09:41","date_gmt":"2025-01-27T12:09:41","guid":{"rendered":"https:\/\/reformasymantenimientosbalandin.es\/?page_id=414"},"modified":"2025-02-10T10:23:22","modified_gmt":"2025-02-10T10:23:22","slug":"contacta","status":"publish","type":"page","link":"https:\/\/reformasymantenimientosbalandin.es\/en\/contacta\/","title":{"rendered":"Contact"},"content":{"rendered":"\t\t<div data-elementor-type=\"wp-page\" data-elementor-id=\"414\" class=\"elementor elementor-414\">\n\t\t\t\t\t\t<section class=\"elementor-section elementor-top-section elementor-element elementor-element-6baecc elementor-section-full_width elementor-section-height-default elementor-section-height-default\" data-id=\"6baecc\" data-element_type=\"section\" data-e-type=\"section\" data-settings=\"{&quot;background_background&quot;:&quot;classic&quot;}\">\n\t\t\t\t\t\t\t<div class=\"elementor-background-overlay\"><\/div>\n\t\t\t\t\t\t\t<div class=\"elementor-container elementor-column-gap-default\">\n\t\t\t\t\t<div class=\"elementor-column elementor-col-100 elementor-top-column elementor-element elementor-element-32852fbd\" data-id=\"32852fbd\" data-element_type=\"column\" data-e-type=\"column\">\n\t\t\t<div class=\"elementor-widget-wrap elementor-element-populated\">\n\t\t\t\t\t\t<section class=\"elementor-section elementor-inner-section elementor-element elementor-element-2fdc07bc elementor-section-boxed elementor-section-height-default elementor-section-height-default\" data-id=\"2fdc07bc\" data-element_type=\"section\" data-e-type=\"section\">\n\t\t\t\t\t\t<div class=\"elementor-container elementor-column-gap-default\">\n\t\t\t\t\t<div class=\"elementor-column elementor-col-100 elementor-inner-column elementor-element elementor-element-381447b\" data-id=\"381447b\" data-element_type=\"column\" data-e-type=\"column\">\n\t\t\t<div class=\"elementor-widget-wrap elementor-element-populated\">\n\t\t\t\t\t\t<div class=\"elementor-element elementor-element-42461f5c elementor-widget__width-initial elementor-widget-tablet__width-inherit elementor-invisible elementor-widget elementor-widget-heading\" data-id=\"42461f5c\" data-element_type=\"widget\" data-e-type=\"widget\" data-settings=\"{&quot;_animation&quot;:&quot;fadeInUp&quot;,&quot;_animation_delay&quot;:1000}\" data-widget_type=\"heading.default\">\n\t\t\t\t<div class=\"elementor-widget-container\">\n\t\t\t\t\t<h1 class=\"elementor-heading-title elementor-size-default\">Expertos en mantenimiento y reformas integrales.<\/h1>\t\t\t\t<\/div>\n\t\t\t\t<\/div>\n\t\t\t\t\t<\/div>\n\t\t<\/div>\n\t\t\t\t\t<\/div>\n\t\t<\/section>\n\t\t\t\t\t<\/div>\n\t\t<\/div>\n\t\t\t\t\t<\/div>\n\t\t<\/section>\n\t\t<div class=\"elementor-element elementor-element-424e54c e-flex e-con-boxed e-con e-parent\" data-id=\"424e54c\" data-element_type=\"container\" data-e-type=\"container\">\n\t\t\t\t\t<div class=\"e-con-inner\">\n\t\t\t\t<div class=\"elementor-element elementor-element-e1e5611 elementor-widget elementor-widget-text-editor\" data-id=\"e1e5611\" data-element_type=\"widget\" data-e-type=\"widget\" data-widget_type=\"text-editor.default\">\n\t\t\t\t<div class=\"elementor-widget-container\">\n\t\t\t\t\t\t\t\t\t<p>Gracias por ponerte en contacto con <strong>Reformas y Mantenimiento Baland\u00edn<\/strong>. Escr\u00edbenos un mensaje y nuestro equipo se pondr\u00e1 en contacto contigo a la mayor brevedad posible para atender tu consulta.<\/p><p>Uno de nuestros especialistas te llamar\u00e1 o te enviar\u00e1 un correo electr\u00f3nico para ofrecerte toda la informaci\u00f3n que necesites y ayudarte a dar el siguiente paso en tu proyecto.<\/p><p>\u00a1Gracias por confiar en nosotros! Estaremos encantados de ayudarte a hacer realidad tu reforma o mantenimiento.<\/p>\t\t\t\t\t\t\t\t<\/div>\n\t\t\t\t<\/div>\n\t\t\t\t<div class=\"elementor-element elementor-element-171a241 fluentform-widget-submit-button-custom elementor-widget elementor-widget-fluent-form-widget\" data-id=\"171a241\" data-element_type=\"widget\" data-e-type=\"widget\" data-widget_type=\"fluent-form-widget.default\">\n\t\t\t\t<div class=\"elementor-widget-container\">\n\t\t\t\t\t\n            <div class=\"fluentform-widget-wrapper fluentform-widget-align-default\">\n\n            \n            <div class='fluentform ff-default fluentform_wrapper_1 ffs_default_wrap'><form data-form_id=\"1\" id=\"fluentform_1\" class=\"frm-fluent-form fluent_form_1 ff-el-form-top ff_form_instance_1_1 ff-form-loading ffs_default\" data-form_instance=\"ff_form_instance_1_1\" method=\"POST\" ><fieldset  style=\"border: none!important;margin: 0!important;padding: 0!important;background-color: transparent!important;box-shadow: none!important;outline: none!important; min-inline-size: 100%;\">\n                    <legend class=\"ff_screen_reader_title\" style=\"display: block; margin: 0!important;padding: 0!important;height: 0!important;text-indent: -999999px;width: 0!important;overflow:hidden;\">Contact Form Demo<\/legend><input type='hidden' name='__fluent_form_embded_post_id' value='414' \/><input type=\"hidden\" id=\"_fluentform_1_fluentformnonce\" name=\"_fluentform_1_fluentformnonce\" value=\"7a7c94a985\" \/><input type=\"hidden\" name=\"_wp_http_referer\" value=\"\/en\/wp-json\/wp\/v2\/pages\/414\" \/><div data-type=\"name-element\" data-name=\"nombre\" class=\" ff-field_container ff-name-field-wrapper\" ><div class='ff-t-container'><div class='ff-t-cell '><div class='ff-el-group'><div class=\"ff-el-input--label ff-el-is-required asterisk-right\"><label for='ff_1_nombre_first_name_' id='label_ff_1_nombre_first_name_' >Nombre<\/label><\/div><div class='ff-el-input--content'><input type=\"text\" name=\"nombre[first_name]\" id=\"ff_1_nombre_first_name_\" class=\"ff-el-form-control\" aria-invalid=\"false\" aria-required=true><\/div><\/div><\/div><\/div><\/div><div class='ff-el-group'><div class=\"ff-el-input--label ff-el-is-required asterisk-right\"><label for='ff_1_email' id='label_ff_1_email' aria-label=\"Email\">Email<\/label><\/div><div class='ff-el-input--content'><input type=\"email\" name=\"email\" id=\"ff_1_email\" class=\"ff-el-form-control\" placeholder=\"Email\" data-name=\"email\"  aria-invalid=\"false\" aria-required=true><\/div><\/div><div class='ff-el-group'><div class=\"ff-el-input--label ff-el-is-required asterisk-right\"><label for='ff_1_subject' id='label_ff_1_subject' aria-label=\"Tel\u00e9fono\">Tel\u00e9fono<\/label><\/div><div class='ff-el-input--content'><input type=\"text\" name=\"subject\" class=\"ff-el-form-control\" placeholder=\"Tel\u00e9fono\" data-name=\"subject\" id=\"ff_1_subject\"  aria-invalid=\"false\" aria-required=true><\/div><\/div><div class='ff-el-group'><div class=\"ff-el-input--label asterisk-right\"><label for='ff_1_subject_1' id='label_ff_1_subject_1' aria-label=\"Asunto\">Asunto<\/label><\/div><div class='ff-el-input--content'><input type=\"text\" name=\"subject_1\" class=\"ff-el-form-control\" placeholder=\"Asunto\" data-name=\"subject_1\" id=\"ff_1_subject_1\"  aria-invalid=\"false\" aria-required=false><\/div><\/div><div class='ff-el-group'><div class=\"ff-el-input--label ff-el-is-required asterisk-right\"><label for='ff_1_message' id='label_ff_1_message' aria-label=\"Mensaje\">Mensaje<\/label><\/div><div class='ff-el-input--content'><textarea aria-required=\"true\" aria-labelledby=\"label_ff_1_message\" name=\"message\" id=\"ff_1_message\" class=\"ff-el-form-control\" placeholder=\"Mensaje\" rows=\"4\" cols=\"2\" data-name=\"message\" ><\/textarea><\/div><\/div><div class='ff-el-group ff-text-left ff_submit_btn_wrapper'><button type=\"submit\" class=\"ff-btn ff-btn-submit ff-btn-md ff_btn_style\"  aria-label=\"Enviar\">Enviar<\/button><\/div><\/fieldset><\/form><div id='fluentform_1_errors' class='ff-errors-in-stack ff_form_instance_1_1 ff-form-loading_errors ff_form_instance_1_1_errors'><\/div><\/div>            <script type=\"text\/javascript\">\n                window.fluent_form_ff_form_instance_1_1 = {\"id\":\"1\",\"ajaxUrl\":\"https:\\\/\\\/reformasymantenimientosbalandin.es\\\/wp-admin\\\/admin-ajax.php\",\"settings\":{\"layout\":{\"labelPlacement\":\"top\",\"helpMessagePlacement\":\"with_label\",\"errorMessagePlacement\":\"inline\",\"cssClassName\":\"\",\"asteriskPlacement\":\"asterisk-right\"},\"restrictions\":{\"denyEmptySubmission\":{\"enabled\":false}}},\"form_instance\":\"ff_form_instance_1_1\",\"form_id_selector\":\"fluentform_1\",\"rules\":{\"nombre[first_name]\":{\"required\":{\"value\":true,\"message\":\"This field is required\",\"global\":false,\"global_message\":\"Este campo es obligatorio\"}},\"nombre[middle_name]\":{\"required\":{\"value\":false,\"message\":\"This field is required\",\"global\":false,\"global_message\":\"Este campo es obligatorio\"}},\"nombre[last_name]\":{\"required\":{\"value\":false,\"message\":\"This field is required\",\"global\":false,\"global_message\":\"Este campo es obligatorio\"}},\"email\":{\"required\":{\"value\":true,\"message\":\"Este campo es obligatorio\",\"global\":false,\"global_message\":\"Este campo es obligatorio\"},\"email\":{\"value\":true,\"message\":\"debe contener un email v\\u00e1lido\",\"global\":false,\"global_message\":\"Este campo debe contener un correo electr\\u00f3nico v\\u00e1lido\"}},\"subject\":{\"required\":{\"value\":true,\"message\":\"Este campo es obligatorio\",\"global\":false,\"global_message\":\"Este campo es obligatorio\"}},\"subject_1\":{\"required\":{\"value\":false,\"message\":\"This field is required\",\"global\":false,\"global_message\":\"Este campo es obligatorio\"}},\"message\":{\"required\":{\"value\":true,\"message\":\"Este campo es obligatorio\",\"global\":false,\"global_message\":\"Este campo es obligatorio\"}}},\"debounce_time\":300};\n                            <\/script>\n                        <\/div>\n\n            \t\t\t\t<\/div>\n\t\t\t\t<\/div>\n\t\t\t\t\t<\/div>\n\t\t\t\t<\/div>\n\t\t<div class=\"elementor-element elementor-element-4296758 e-flex e-con-boxed e-con e-parent\" data-id=\"4296758\" data-element_type=\"container\" data-e-type=\"container\">\n\t\t\t\t\t<div class=\"e-con-inner\">\n\t\t\t\t<div class=\"elementor-element elementor-element-4f52694 elementor-widget elementor-widget-text-editor\" data-id=\"4f52694\" data-element_type=\"widget\" data-e-type=\"widget\" data-widget_type=\"text-editor.default\">\n\t\t\t\t<div class=\"elementor-widget-container\">\n\t\t\t\t\t\t\t\t\t<p>ESTE SITIO WEB HA SIDOCOFINANCIADO POR LOS FONDOS NEXT GENERATION (EU) DEL MECANISMO DE RECUPERACI\u00d3N Y RESILIENCIA<\/p>\t\t\t\t\t\t\t\t<\/div>\n\t\t\t\t<\/div>\n\t\t\t\t<div class=\"elementor-element elementor-element-7e97c2c elementor-widget elementor-widget-image\" data-id=\"7e97c2c\" data-element_type=\"widget\" data-e-type=\"widget\" data-widget_type=\"image.default\">\n\t\t\t\t<div class=\"elementor-widget-container\">\n\t\t\t\t\t\t\t\t\t\t\t\t\t\t\t<img decoding=\"async\" width=\"800\" height=\"53\" src=\"https:\/\/reformasymantenimientosbalandin.es\/wp-content\/uploads\/2025\/01\/logo-kit-digital-01-e1727948322375-1024x68.jpg\" class=\"attachment-large size-large wp-image-453\" alt=\"\" srcset=\"https:\/\/reformasymantenimientosbalandin.es\/wp-content\/uploads\/2025\/01\/logo-kit-digital-01-e1727948322375-1024x68.jpg 1024w, https:\/\/reformasymantenimientosbalandin.es\/wp-content\/uploads\/2025\/01\/logo-kit-digital-01-e1727948322375-300x20.jpg 300w, https:\/\/reformasymantenimientosbalandin.es\/wp-content\/uploads\/2025\/01\/logo-kit-digital-01-e1727948322375-768x51.jpg 768w, https:\/\/reformasymantenimientosbalandin.es\/wp-content\/uploads\/2025\/01\/logo-kit-digital-01-e1727948322375-1536x102.jpg 1536w, https:\/\/reformasymantenimientosbalandin.es\/wp-content\/uploads\/2025\/01\/logo-kit-digital-01-e1727948322375.jpg 2017w\" sizes=\"(max-width: 800px) 100vw, 800px\" \/>\t\t\t\t\t\t\t\t\t\t\t\t\t\t\t<\/div>\n\t\t\t\t<\/div>\n\t\t\t\t\t<\/div>\n\t\t\t\t<\/div>\n\t\t\t\t<\/div>\n\t\t","protected":false},"excerpt":{"rendered":"<p>Expertos en mantenimiento y reformas integrales. Gracias por ponerte en contacto con Reformas y Mantenimiento Baland\u00edn. Escr\u00edbenos un mensaje y nuestro equipo se pondr\u00e1 en contacto contigo a la mayor brevedad posible para atender tu consulta. Uno de nuestros especialistas te llamar\u00e1 o te enviar\u00e1 un correo electr\u00f3nico para ofrecerte toda la informaci\u00f3n que necesites [&hellip;]<\/p>\n","protected":false},"author":1,"featured_media":0,"parent":0,"menu_order":0,"comment_status":"closed","ping_status":"closed","template":"elementor_header_footer","meta":{"footnotes":""},"class_list":["post-414","page","type-page","status-publish","hentry"],"yoast_head":"<!-- This site is optimized with the Yoast SEO plugin v27.5 - https:\/\/yoast.com\/product\/yoast-seo-wordpress\/ -->\n<title>Contacta - Reformas y Mantenimientos Baland&iacute;n<\/title>\n<meta name=\"robots\" content=\"index, follow, max-snippet:-1, max-image-preview:large, max-video-preview:-1\" \/>\n<link rel=\"canonical\" href=\"https:\/\/reformasymantenimientosbalandin.es\/en\/contacta\/\" \/>\n<meta property=\"og:locale\" content=\"en_GB\" \/>\n<meta property=\"og:type\" content=\"article\" \/>\n<meta property=\"og:title\" content=\"Contacta - Reformas y Mantenimientos Baland&iacute;n\" \/>\n<meta property=\"og:description\" content=\"Expertos en mantenimiento y reformas integrales. Gracias por ponerte en contacto con Reformas y Mantenimiento Baland\u00edn. Escr\u00edbenos un mensaje y nuestro equipo se pondr\u00e1 en contacto contigo a la mayor brevedad posible para atender tu consulta. Uno de nuestros especialistas te llamar\u00e1 o te enviar\u00e1 un correo electr\u00f3nico para ofrecerte toda la informaci\u00f3n que necesites [&hellip;]\" \/>\n<meta property=\"og:url\" content=\"https:\/\/reformasymantenimientosbalandin.es\/en\/contacta\/\" \/>\n<meta property=\"og:site_name\" content=\"Reformas y Mantenimientos Baland&iacute;n\" \/>\n<meta property=\"article:modified_time\" content=\"2025-02-10T10:23:22+00:00\" \/>\n<meta property=\"og:image\" content=\"https:\/\/reformasymantenimientosbalandin.es\/wp-content\/uploads\/2025\/01\/logo-kit-digital-01-e1727948322375-1024x68.jpg\" \/>\n<meta name=\"twitter:card\" content=\"summary_large_image\" \/>\n<meta name=\"twitter:label1\" content=\"Est. reading time\" \/>\n\t<meta name=\"twitter:data1\" content=\"1 minute\" \/>\n<script type=\"application\/ld+json\" class=\"yoast-schema-graph\">{\"@context\":\"https:\\\/\\\/schema.org\",\"@graph\":[{\"@type\":\"WebPage\",\"@id\":\"https:\\\/\\\/reformasymantenimientosbalandin.es\\\/contacta\\\/\",\"url\":\"https:\\\/\\\/reformasymantenimientosbalandin.es\\\/contacta\\\/\",\"name\":\"Contacta - Reformas y Mantenimientos Baland&iacute;n\",\"isPartOf\":{\"@id\":\"https:\\\/\\\/reformasymantenimientosbalandin.es\\\/#website\"},\"primaryImageOfPage\":{\"@id\":\"https:\\\/\\\/reformasymantenimientosbalandin.es\\\/contacta\\\/#primaryimage\"},\"image\":{\"@id\":\"https:\\\/\\\/reformasymantenimientosbalandin.es\\\/contacta\\\/#primaryimage\"},\"thumbnailUrl\":\"https:\\\/\\\/reformasymantenimientosbalandin.es\\\/wp-content\\\/uploads\\\/2025\\\/01\\\/logo-kit-digital-01-e1727948322375-1024x68.jpg\",\"datePublished\":\"2025-01-27T12:09:41+00:00\",\"dateModified\":\"2025-02-10T10:23:22+00:00\",\"breadcrumb\":{\"@id\":\"https:\\\/\\\/reformasymantenimientosbalandin.es\\\/contacta\\\/#breadcrumb\"},\"inLanguage\":\"en-GB\",\"potentialAction\":[{\"@type\":\"ReadAction\",\"target\":[\"https:\\\/\\\/reformasymantenimientosbalandin.es\\\/contacta\\\/\"]}]},{\"@type\":\"ImageObject\",\"inLanguage\":\"en-GB\",\"@id\":\"https:\\\/\\\/reformasymantenimientosbalandin.es\\\/contacta\\\/#primaryimage\",\"url\":\"https:\\\/\\\/reformasymantenimientosbalandin.es\\\/wp-content\\\/uploads\\\/2025\\\/01\\\/logo-kit-digital-01-e1727948322375-1024x68.jpg\",\"contentUrl\":\"https:\\\/\\\/reformasymantenimientosbalandin.es\\\/wp-content\\\/uploads\\\/2025\\\/01\\\/logo-kit-digital-01-e1727948322375-1024x68.jpg\"},{\"@type\":\"BreadcrumbList\",\"@id\":\"https:\\\/\\\/reformasymantenimientosbalandin.es\\\/contacta\\\/#breadcrumb\",\"itemListElement\":[{\"@type\":\"ListItem\",\"position\":1,\"name\":\"Portada\",\"item\":\"https:\\\/\\\/reformasymantenimientosbalandin.es\\\/\"},{\"@type\":\"ListItem\",\"position\":2,\"name\":\"Contacta\"}]},{\"@type\":\"WebSite\",\"@id\":\"https:\\\/\\\/reformasymantenimientosbalandin.es\\\/#website\",\"url\":\"https:\\\/\\\/reformasymantenimientosbalandin.es\\\/\",\"name\":\"Reformas y Mantenimientos Baland\u00edn\",\"description\":\"Reformas Baland&iacute;n\",\"publisher\":{\"@id\":\"https:\\\/\\\/reformasymantenimientosbalandin.es\\\/#organization\"},\"potentialAction\":[{\"@type\":\"SearchAction\",\"target\":{\"@type\":\"EntryPoint\",\"urlTemplate\":\"https:\\\/\\\/reformasymantenimientosbalandin.es\\\/?s={search_term_string}\"},\"query-input\":{\"@type\":\"PropertyValueSpecification\",\"valueRequired\":true,\"valueName\":\"search_term_string\"}}],\"inLanguage\":\"en-GB\"},{\"@type\":\"Organization\",\"@id\":\"https:\\\/\\\/reformasymantenimientosbalandin.es\\\/#organization\",\"name\":\"Reformas y Mantenimientos Baland\u00edn\",\"url\":\"https:\\\/\\\/reformasymantenimientosbalandin.es\\\/\",\"logo\":{\"@type\":\"ImageObject\",\"inLanguage\":\"en-GB\",\"@id\":\"https:\\\/\\\/reformasymantenimientosbalandin.es\\\/#\\\/schema\\\/logo\\\/image\\\/\",\"url\":\"https:\\\/\\\/reformasymantenimientosbalandin.es\\\/wp-content\\\/uploads\\\/2025\\\/01\\\/Recurso-1.png\",\"contentUrl\":\"https:\\\/\\\/reformasymantenimientosbalandin.es\\\/wp-content\\\/uploads\\\/2025\\\/01\\\/Recurso-1.png\",\"width\":800,\"height\":648,\"caption\":\"Reformas y Mantenimientos Baland\u00edn\"},\"image\":{\"@id\":\"https:\\\/\\\/reformasymantenimientosbalandin.es\\\/#\\\/schema\\\/logo\\\/image\\\/\"}}]}<\/script>\n<!-- \/ Yoast SEO plugin. -->","yoast_head_json":{"title":"Contacta - Reformas y Mantenimientos Baland&iacute;n","robots":{"index":"index","follow":"follow","max-snippet":"max-snippet:-1","max-image-preview":"max-image-preview:large","max-video-preview":"max-video-preview:-1"},"canonical":"https:\/\/reformasymantenimientosbalandin.es\/en\/contacta\/","og_locale":"en_GB","og_type":"article","og_title":"Contacta - Reformas y Mantenimientos Baland&iacute;n","og_description":"Expertos en mantenimiento y reformas integrales. Gracias por ponerte en contacto con Reformas y Mantenimiento Baland\u00edn. Escr\u00edbenos un mensaje y nuestro equipo se pondr\u00e1 en contacto contigo a la mayor brevedad posible para atender tu consulta. Uno de nuestros especialistas te llamar\u00e1 o te enviar\u00e1 un correo electr\u00f3nico para ofrecerte toda la informaci\u00f3n que necesites [&hellip;]","og_url":"https:\/\/reformasymantenimientosbalandin.es\/en\/contacta\/","og_site_name":"Reformas y Mantenimientos Baland&iacute;n","article_modified_time":"2025-02-10T10:23:22+00:00","og_image":[{"url":"https:\/\/reformasymantenimientosbalandin.es\/wp-content\/uploads\/2025\/01\/logo-kit-digital-01-e1727948322375-1024x68.jpg","type":"","width":"","height":""}],"twitter_card":"summary_large_image","twitter_misc":{"Est. reading time":"1 minute"},"schema":{"@context":"https:\/\/schema.org","@graph":[{"@type":"WebPage","@id":"https:\/\/reformasymantenimientosbalandin.es\/contacta\/","url":"https:\/\/reformasymantenimientosbalandin.es\/contacta\/","name":"Contacta - Reformas y Mantenimientos Baland&iacute;n","isPartOf":{"@id":"https:\/\/reformasymantenimientosbalandin.es\/#website"},"primaryImageOfPage":{"@id":"https:\/\/reformasymantenimientosbalandin.es\/contacta\/#primaryimage"},"image":{"@id":"https:\/\/reformasymantenimientosbalandin.es\/contacta\/#primaryimage"},"thumbnailUrl":"https:\/\/reformasymantenimientosbalandin.es\/wp-content\/uploads\/2025\/01\/logo-kit-digital-01-e1727948322375-1024x68.jpg","datePublished":"2025-01-27T12:09:41+00:00","dateModified":"2025-02-10T10:23:22+00:00","breadcrumb":{"@id":"https:\/\/reformasymantenimientosbalandin.es\/contacta\/#breadcrumb"},"inLanguage":"en-GB","potentialAction":[{"@type":"ReadAction","target":["https:\/\/reformasymantenimientosbalandin.es\/contacta\/"]}]},{"@type":"ImageObject","inLanguage":"en-GB","@id":"https:\/\/reformasymantenimientosbalandin.es\/contacta\/#primaryimage","url":"https:\/\/reformasymantenimientosbalandin.es\/wp-content\/uploads\/2025\/01\/logo-kit-digital-01-e1727948322375-1024x68.jpg","contentUrl":"https:\/\/reformasymantenimientosbalandin.es\/wp-content\/uploads\/2025\/01\/logo-kit-digital-01-e1727948322375-1024x68.jpg"},{"@type":"BreadcrumbList","@id":"https:\/\/reformasymantenimientosbalandin.es\/contacta\/#breadcrumb","itemListElement":[{"@type":"ListItem","position":1,"name":"Portada","item":"https:\/\/reformasymantenimientosbalandin.es\/"},{"@type":"ListItem","position":2,"name":"Contacta"}]},{"@type":"WebSite","@id":"https:\/\/reformasymantenimientosbalandin.es\/#website","url":"https:\/\/reformasymantenimientosbalandin.es\/","name":"Baland\u00edn Reforms and Maintenance","description":"Baland\u00edn Reforms","publisher":{"@id":"https:\/\/reformasymantenimientosbalandin.es\/#organization"},"potentialAction":[{"@type":"SearchAction","target":{"@type":"EntryPoint","urlTemplate":"https:\/\/reformasymantenimientosbalandin.es\/?s={search_term_string}"},"query-input":{"@type":"PropertyValueSpecification","valueRequired":true,"valueName":"search_term_string"}}],"inLanguage":"en-GB"},{"@type":"Organization","@id":"https:\/\/reformasymantenimientosbalandin.es\/#organization","name":"Baland\u00edn Reforms and Maintenance","url":"https:\/\/reformasymantenimientosbalandin.es\/","logo":{"@type":"ImageObject","inLanguage":"en-GB","@id":"https:\/\/reformasymantenimientosbalandin.es\/#\/schema\/logo\/image\/","url":"https:\/\/reformasymantenimientosbalandin.es\/wp-content\/uploads\/2025\/01\/Recurso-1.png","contentUrl":"https:\/\/reformasymantenimientosbalandin.es\/wp-content\/uploads\/2025\/01\/Recurso-1.png","width":800,"height":648,"caption":"Reformas y Mantenimientos Baland\u00edn"},"image":{"@id":"https:\/\/reformasymantenimientosbalandin.es\/#\/schema\/logo\/image\/"}}]}},"_links":{"self":[{"href":"https:\/\/reformasymantenimientosbalandin.es\/en\/wp-json\/wp\/v2\/pages\/414","targetHints":{"allow":["GET"]}}],"collection":[{"href":"https:\/\/reformasymantenimientosbalandin.es\/en\/wp-json\/wp\/v2\/pages"}],"about":[{"href":"https:\/\/reformasymantenimientosbalandin.es\/en\/wp-json\/wp\/v2\/types\/page"}],"author":[{"embeddable":true,"href":"https:\/\/reformasymantenimientosbalandin.es\/en\/wp-json\/wp\/v2\/users\/1"}],"replies":[{"embeddable":true,"href":"https:\/\/reformasymantenimientosbalandin.es\/en\/wp-json\/wp\/v2\/comments?post=414"}],"version-history":[{"count":19,"href":"https:\/\/reformasymantenimientosbalandin.es\/en\/wp-json\/wp\/v2\/pages\/414\/revisions"}],"predecessor-version":[{"id":621,"href":"https:\/\/reformasymantenimientosbalandin.es\/en\/wp-json\/wp\/v2\/pages\/414\/revisions\/621"}],"wp:attachment":[{"href":"https:\/\/reformasymantenimientosbalandin.es\/en\/wp-json\/wp\/v2\/media?parent=414"}],"curies":[{"name":"wp","href":"https:\/\/api.w.org\/{rel}","templated":true}]}}