{"id":593,"date":"2025-01-29T10:57:20","date_gmt":"2025-01-29T10:57:20","guid":{"rendered":"https:\/\/reformasymantenimientosbalandin.es\/?page_id=593"},"modified":"2025-01-29T10:59:36","modified_gmt":"2025-01-29T10:59:36","slug":"politica-de-privacidad","status":"publish","type":"page","link":"https:\/\/reformasymantenimientosbalandin.es\/en\/politica-de-privacidad\/","title":{"rendered":"Privacy policy"},"content":{"rendered":"<div data-elementor-type=\"wp-page\" data-elementor-id=\"593\" class=\"elementor elementor-593\">\n\t\t\t\t<div class=\"elementor-element elementor-element-3907036 e-flex e-con-boxed e-con e-parent\" data-id=\"3907036\" data-element_type=\"container\" data-e-type=\"container\">\n\t\t\t\t\t<div class=\"e-con-inner\">\n\t\t\t\t<div class=\"elementor-element elementor-element-39848e3 elementor-widget elementor-widget-heading\" data-id=\"39848e3\" data-element_type=\"widget\" data-e-type=\"widget\" data-widget_type=\"heading.default\">\n\t\t\t\t<div class=\"elementor-widget-container\">\n\t\t\t\t\t<h2 class=\"elementor-heading-title elementor-size-default\">Privacy policy<\/h2>\t\t\t\t<\/div>\n\t\t\t\t<\/div>\n\t\t\t\t<div class=\"elementor-element elementor-element-acd91ee elementor-widget elementor-widget-text-editor\" data-id=\"acd91ee\" data-element_type=\"widget\" data-e-type=\"widget\" data-widget_type=\"text-editor.default\">\n\t\t\t\t<div class=\"elementor-widget-container\">\n\t\t\t\t\t\t\t\t\t<p class=\"privacy-policy-h1\"><br \/>29-Jan-2025<br \/><br \/><\/p><p>This Privacy Policy describes the policies of Reformas y Mantenimientos Baland\u00edn, C\/doctor Andr\u00e9s Hernandez 4, Madrid 28411, Spain, email: Reformasbalandin@gmail.com, telephone: 625476446 regarding the collection, use and disclosure of your information that we collect when you use our website (https:\/\/reformasymantenimientosbalandin.es). (the \"Service\"). By accessing or using the Service, you consent to the collection, use and disclosure of your information in accordance with this Privacy Policy. If you do not agree to the same, do not access or use the Service.<\/p><p>We may modify this Privacy Policy at any time without prior notice and will post the revised Privacy Policy on the Service. The revised Policy will be effective 180 days from the date it is posted on the Service and your continued access to or use of the Service after that time will constitute your acceptance of the revised Privacy Policy. We therefore encourage you to periodically review this page.<\/p><p><strong>YOUR RIGHTS:<\/strong><\/p><p>Depending on the law that applies, you may have the right to access and rectify or erase your personal data or receive a copy of your personal data, restrict or object to the active processing of your data, ask us to share (port) your personal data. information to another entity, withdraw any consent you have given us to process your data, the right to lodge a complaint with a legal authority and other rights that may be relevant under applicable laws. To exercise these rights, you may write to us at Reformasbalandin@gmail.com. We will respond to your request in accordance with applicable law.<\/p><p>Please note that if you do not allow us to collect or process the required personal information or withdraw consent to process it for the required purposes, you may not be able to access or use the services for which your information was sought.<\/p><p><strong>COOKIES<\/strong><\/p><p>For more information on how we use them and your choices in relation to these tracking technologies, please see our Cookie Policy.<\/p><p><strong>SAFETY:<\/strong><\/p><p>The security of your information is important to us and we will use reasonable security measures to prevent the loss, misuse or unauthorised alteration of your information under our control. However, given the inherent risks, we cannot guarantee absolute security and, accordingly, we cannot ensure or warrant the security of any information you transmit to us and you do so at your own risk.<\/p><p><strong>COMPLAINTS\/DATA PROTECTION OFFICER:<\/strong><\/p><p>If you have any queries or concerns about the processing of your information that is available with us, you can send an email to our Complaints Officer at Reformas y mantenimientos Baland\u00edn, C\/doctor Andr\u00e9s Hernandez 4, email: Reformasbalandin@gmail.com. We will address your concerns in accordance with applicable law.<\/p>\t\t\t\t\t\t\t\t<\/div>\n\t\t\t\t<\/div>\n\t\t\t\t\t<\/div>\n\t\t\t\t<\/div>\n\t\t\t\t<\/div>","protected":false},"excerpt":{"rendered":"<p>Pol\u00edtica de privacidad 29-Jan-2025 Esta Pol\u00edtica de Privacidad describe las pol\u00edticas de Reformas y mantenimientos Baland\u00edn, C\/doctor Andr\u00e9s Hernandez 4, Madrid 28411, Espa\u00f1a, correo electr\u00f3nico: Reformasbalandin@gmail.com, tel\u00e9fono: 625476446 sobre la recopilaci\u00f3n, uso y divulgaci\u00f3n de su informaci\u00f3n que recopilamos cuando usted utilice nuestra p\u00e1gina web (https:\/\/reformasymantenimientosbalandin.es). (el \u201cServicio\u201d). Al acceder o utilizar el Servicio, usted [&hellip;]<\/p>\n","protected":false},"author":1,"featured_media":0,"parent":0,"menu_order":0,"comment_status":"closed","ping_status":"closed","template":"","meta":{"footnotes":""},"class_list":["post-593","page","type-page","status-publish","hentry"],"yoast_head":"<!-- This site is optimized with the Yoast SEO plugin v27.5 - https:\/\/yoast.com\/product\/yoast-seo-wordpress\/ -->\n<title>Pol\u00edtica de privacidad - Reformas y Mantenimientos Baland&iacute;n<\/title>\n<meta name=\"robots\" content=\"index, follow, max-snippet:-1, max-image-preview:large, max-video-preview:-1\" \/>\n<link rel=\"canonical\" href=\"https:\/\/reformasymantenimientosbalandin.es\/en\/politica-de-privacidad\/\" \/>\n<meta property=\"og:locale\" content=\"en_GB\" \/>\n<meta property=\"og:type\" content=\"article\" \/>\n<meta property=\"og:title\" content=\"Pol\u00edtica de privacidad - Reformas y Mantenimientos Baland&iacute;n\" \/>\n<meta property=\"og:description\" content=\"Pol\u00edtica de privacidad 29-Jan-2025 Esta Pol\u00edtica de Privacidad describe las pol\u00edticas de Reformas y mantenimientos Baland\u00edn, C\/doctor Andr\u00e9s Hernandez 4, Madrid 28411, Espa\u00f1a, correo electr\u00f3nico: Reformasbalandin@gmail.com, tel\u00e9fono: 625476446 sobre la recopilaci\u00f3n, uso y divulgaci\u00f3n de su informaci\u00f3n que recopilamos cuando usted utilice nuestra p\u00e1gina web (https:\/\/reformasymantenimientosbalandin.es). (el \u201cServicio\u201d). Al acceder o utilizar el Servicio, usted [&hellip;]\" \/>\n<meta property=\"og:url\" content=\"https:\/\/reformasymantenimientosbalandin.es\/en\/politica-de-privacidad\/\" \/>\n<meta property=\"og:site_name\" content=\"Reformas y Mantenimientos Baland&iacute;n\" \/>\n<meta property=\"article:modified_time\" content=\"2025-01-29T10:59:36+00:00\" \/>\n<meta property=\"og:image\" content=\"https:\/\/reformasymantenimientosbalandin.es\/wp-content\/uploads\/2025\/01\/Recurso-1.png\" \/>\n\t<meta property=\"og:image:width\" content=\"800\" \/>\n\t<meta property=\"og:image:height\" content=\"648\" \/>\n\t<meta property=\"og:image:type\" content=\"image\/png\" \/>\n<meta name=\"twitter:card\" content=\"summary_large_image\" \/>\n<meta name=\"twitter:label1\" content=\"Est. reading time\" \/>\n\t<meta name=\"twitter:data1\" content=\"3 minutes\" \/>\n<script type=\"application\/ld+json\" class=\"yoast-schema-graph\">{\"@context\":\"https:\\\/\\\/schema.org\",\"@graph\":[{\"@type\":\"WebPage\",\"@id\":\"https:\\\/\\\/reformasymantenimientosbalandin.es\\\/politica-de-privacidad\\\/\",\"url\":\"https:\\\/\\\/reformasymantenimientosbalandin.es\\\/politica-de-privacidad\\\/\",\"name\":\"Pol\u00edtica de privacidad - Reformas y Mantenimientos Baland&iacute;n\",\"isPartOf\":{\"@id\":\"https:\\\/\\\/reformasymantenimientosbalandin.es\\\/#website\"},\"datePublished\":\"2025-01-29T10:57:20+00:00\",\"dateModified\":\"2025-01-29T10:59:36+00:00\",\"breadcrumb\":{\"@id\":\"https:\\\/\\\/reformasymantenimientosbalandin.es\\\/politica-de-privacidad\\\/#breadcrumb\"},\"inLanguage\":\"en-GB\",\"potentialAction\":[{\"@type\":\"ReadAction\",\"target\":[\"https:\\\/\\\/reformasymantenimientosbalandin.es\\\/politica-de-privacidad\\\/\"]}]},{\"@type\":\"BreadcrumbList\",\"@id\":\"https:\\\/\\\/reformasymantenimientosbalandin.es\\\/politica-de-privacidad\\\/#breadcrumb\",\"itemListElement\":[{\"@type\":\"ListItem\",\"position\":1,\"name\":\"Portada\",\"item\":\"https:\\\/\\\/reformasymantenimientosbalandin.es\\\/\"},{\"@type\":\"ListItem\",\"position\":2,\"name\":\"Pol\u00edtica de privacidad\"}]},{\"@type\":\"WebSite\",\"@id\":\"https:\\\/\\\/reformasymantenimientosbalandin.es\\\/#website\",\"url\":\"https:\\\/\\\/reformasymantenimientosbalandin.es\\\/\",\"name\":\"Reformas y Mantenimientos Baland\u00edn\",\"description\":\"Reformas Baland&iacute;n\",\"publisher\":{\"@id\":\"https:\\\/\\\/reformasymantenimientosbalandin.es\\\/#organization\"},\"potentialAction\":[{\"@type\":\"SearchAction\",\"target\":{\"@type\":\"EntryPoint\",\"urlTemplate\":\"https:\\\/\\\/reformasymantenimientosbalandin.es\\\/?s={search_term_string}\"},\"query-input\":{\"@type\":\"PropertyValueSpecification\",\"valueRequired\":true,\"valueName\":\"search_term_string\"}}],\"inLanguage\":\"en-GB\"},{\"@type\":\"Organization\",\"@id\":\"https:\\\/\\\/reformasymantenimientosbalandin.es\\\/#organization\",\"name\":\"Reformas y Mantenimientos Baland\u00edn\",\"url\":\"https:\\\/\\\/reformasymantenimientosbalandin.es\\\/\",\"logo\":{\"@type\":\"ImageObject\",\"inLanguage\":\"en-GB\",\"@id\":\"https:\\\/\\\/reformasymantenimientosbalandin.es\\\/#\\\/schema\\\/logo\\\/image\\\/\",\"url\":\"https:\\\/\\\/reformasymantenimientosbalandin.es\\\/wp-content\\\/uploads\\\/2025\\\/01\\\/Recurso-1.png\",\"contentUrl\":\"https:\\\/\\\/reformasymantenimientosbalandin.es\\\/wp-content\\\/uploads\\\/2025\\\/01\\\/Recurso-1.png\",\"width\":800,\"height\":648,\"caption\":\"Reformas y Mantenimientos Baland\u00edn\"},\"image\":{\"@id\":\"https:\\\/\\\/reformasymantenimientosbalandin.es\\\/#\\\/schema\\\/logo\\\/image\\\/\"}}]}<\/script>\n<!-- \/ Yoast SEO plugin. -->","yoast_head_json":{"title":"Privacy policy - Reformas y Mantenimientos Baland\u00edn","robots":{"index":"index","follow":"follow","max-snippet":"max-snippet:-1","max-image-preview":"max-image-preview:large","max-video-preview":"max-video-preview:-1"},"canonical":"https:\/\/reformasymantenimientosbalandin.es\/en\/politica-de-privacidad\/","og_locale":"en_GB","og_type":"article","og_title":"Pol\u00edtica de privacidad - Reformas y Mantenimientos Baland&iacute;n","og_description":"Pol\u00edtica de privacidad 29-Jan-2025 Esta Pol\u00edtica de Privacidad describe las pol\u00edticas de Reformas y mantenimientos Baland\u00edn, C\/doctor Andr\u00e9s Hernandez 4, Madrid 28411, Espa\u00f1a, correo electr\u00f3nico: Reformasbalandin@gmail.com, tel\u00e9fono: 625476446 sobre la recopilaci\u00f3n, uso y divulgaci\u00f3n de su informaci\u00f3n que recopilamos cuando usted utilice nuestra p\u00e1gina web (https:\/\/reformasymantenimientosbalandin.es). (el \u201cServicio\u201d). Al acceder o utilizar el Servicio, usted [&hellip;]","og_url":"https:\/\/reformasymantenimientosbalandin.es\/en\/politica-de-privacidad\/","og_site_name":"Reformas y Mantenimientos Baland&iacute;n","article_modified_time":"2025-01-29T10:59:36+00:00","og_image":[{"width":800,"height":648,"url":"https:\/\/reformasymantenimientosbalandin.es\/wp-content\/uploads\/2025\/01\/Recurso-1.png","type":"image\/png"}],"twitter_card":"summary_large_image","twitter_misc":{"Est. reading time":"3 minutes"},"schema":{"@context":"https:\/\/schema.org","@graph":[{"@type":"WebPage","@id":"https:\/\/reformasymantenimientosbalandin.es\/politica-de-privacidad\/","url":"https:\/\/reformasymantenimientosbalandin.es\/politica-de-privacidad\/","name":"Privacy policy - Reformas y Mantenimientos Baland\u00edn","isPartOf":{"@id":"https:\/\/reformasymantenimientosbalandin.es\/#website"},"datePublished":"2025-01-29T10:57:20+00:00","dateModified":"2025-01-29T10:59:36+00:00","breadcrumb":{"@id":"https:\/\/reformasymantenimientosbalandin.es\/politica-de-privacidad\/#breadcrumb"},"inLanguage":"en-GB","potentialAction":[{"@type":"ReadAction","target":["https:\/\/reformasymantenimientosbalandin.es\/politica-de-privacidad\/"]}]},{"@type":"BreadcrumbList","@id":"https:\/\/reformasymantenimientosbalandin.es\/politica-de-privacidad\/#breadcrumb","itemListElement":[{"@type":"ListItem","position":1,"name":"Portada","item":"https:\/\/reformasymantenimientosbalandin.es\/"},{"@type":"ListItem","position":2,"name":"Pol\u00edtica de privacidad"}]},{"@type":"WebSite","@id":"https:\/\/reformasymantenimientosbalandin.es\/#website","url":"https:\/\/reformasymantenimientosbalandin.es\/","name":"Baland\u00edn Reforms and Maintenance","description":"Baland\u00edn Reforms","publisher":{"@id":"https:\/\/reformasymantenimientosbalandin.es\/#organization"},"potentialAction":[{"@type":"SearchAction","target":{"@type":"EntryPoint","urlTemplate":"https:\/\/reformasymantenimientosbalandin.es\/?s={search_term_string}"},"query-input":{"@type":"PropertyValueSpecification","valueRequired":true,"valueName":"search_term_string"}}],"inLanguage":"en-GB"},{"@type":"Organization","@id":"https:\/\/reformasymantenimientosbalandin.es\/#organization","name":"Baland\u00edn Reforms and Maintenance","url":"https:\/\/reformasymantenimientosbalandin.es\/","logo":{"@type":"ImageObject","inLanguage":"en-GB","@id":"https:\/\/reformasymantenimientosbalandin.es\/#\/schema\/logo\/image\/","url":"https:\/\/reformasymantenimientosbalandin.es\/wp-content\/uploads\/2025\/01\/Recurso-1.png","contentUrl":"https:\/\/reformasymantenimientosbalandin.es\/wp-content\/uploads\/2025\/01\/Recurso-1.png","width":800,"height":648,"caption":"Reformas y Mantenimientos Baland\u00edn"},"image":{"@id":"https:\/\/reformasymantenimientosbalandin.es\/#\/schema\/logo\/image\/"}}]}},"_links":{"self":[{"href":"https:\/\/reformasymantenimientosbalandin.es\/en\/wp-json\/wp\/v2\/pages\/593","targetHints":{"allow":["GET"]}}],"collection":[{"href":"https:\/\/reformasymantenimientosbalandin.es\/en\/wp-json\/wp\/v2\/pages"}],"about":[{"href":"https:\/\/reformasymantenimientosbalandin.es\/en\/wp-json\/wp\/v2\/types\/page"}],"author":[{"embeddable":true,"href":"https:\/\/reformasymantenimientosbalandin.es\/en\/wp-json\/wp\/v2\/users\/1"}],"replies":[{"embeddable":true,"href":"https:\/\/reformasymantenimientosbalandin.es\/en\/wp-json\/wp\/v2\/comments?post=593"}],"version-history":[{"count":5,"href":"https:\/\/reformasymantenimientosbalandin.es\/en\/wp-json\/wp\/v2\/pages\/593\/revisions"}],"predecessor-version":[{"id":598,"href":"https:\/\/reformasymantenimientosbalandin.es\/en\/wp-json\/wp\/v2\/pages\/593\/revisions\/598"}],"wp:attachment":[{"href":"https:\/\/reformasymantenimientosbalandin.es\/en\/wp-json\/wp\/v2\/media?parent=593"}],"curies":[{"name":"wp","href":"https:\/\/api.w.org\/{rel}","templated":true}]}}